{"id":149,"date":"2017-11-01T14:48:18","date_gmt":"2017-11-01T07:48:18","guid":{"rendered":"http:\/\/tuan.raothue.com\/web\/newhome\/?page_id=149"},"modified":"2017-11-01T14:48:18","modified_gmt":"2017-11-01T07:48:18","slug":"bang-gia","status":"publish","type":"page","link":"https:\/\/c409-newhome.com-vn.net\/?page_id=149","title":{"rendered":"B\u1ea3ng gi\u00e1"},"content":{"rendered":"<p>Tr\u00e1i v\u1edbi quan \u0111i\u1ec3m chung c\u1ee7a s\u1ed1 \u0111\u00f4ng, Lorem Ipsum kh\u00f4ng ph\u1ea3i ch\u1ec9 l\u00e0 m\u1ed9t \u0111o\u1ea1n v\u0103n b\u1ea3n ng\u1eabu nhi\u00ean. Ng\u01b0\u1eddi ta t\u00ecm th\u1ea5y ngu\u1ed3n g\u1ed1c c\u1ee7a n\u00f3 t\u1eeb nh\u1eefng t\u00e1c ph\u1ea9m v\u0103n h\u1ecdc la-tinh c\u1ed5 \u0111i\u1ec3n xu\u1ea5t hi\u1ec7n t\u1eeb n\u0103m 45 tr\u01b0\u1edbc C\u00f4ng Nguy\u00ean, ngh\u0129a l\u00e0 n\u00f3 \u0111\u00e3 c\u00f3 kho\u1ea3ng h\u01a1n 2000 tu\u1ed5i. M\u1ed9t gi\u00e1o s\u01b0 c\u1ee7a tr\u01b0\u1eddng Hampden-Sydney College (bang Virginia &#8211; M\u1ef9) quan t\u00e2m t\u1edbi m\u1ed9t trong nh\u1eefng t\u1eeb la-tinh kh\u00f3 hi\u1ec3u nh\u1ea5t, &#8220;consectetur&#8221;, tr\u00edch t\u1eeb m\u1ed9t \u0111o\u1ea1n c\u1ee7a Lorem Ipsum, v\u00e0 \u0111\u00e3 nghi\u00ean c\u1ee9u t\u1ea5t c\u1ea3 c\u00e1c \u1ee9ng d\u1ee5ng c\u1ee7a t\u1eeb n\u00e0y trong v\u0103n h\u1ecdc c\u1ed5 \u0111i\u1ec3n, \u0111\u1ec3 t\u1eeb \u0111\u00f3 t\u00ecm ra ngu\u1ed3n g\u1ed1c kh\u00f4ng th\u1ec3 ch\u1ed1i c\u00e3i c\u1ee7a Lorem Ipsum. Th\u1eadt ra, n\u00f3 \u0111\u01b0\u1ee3c t\u00ecm th\u1ea5y trong c\u00e1c \u0111o\u1ea1n 1.10.32 v\u00e0 1.10.33 c\u1ee7a &#8220;De Finibus Bonorum et Malorum&#8221; (\u0110\u1ec9nh t\u1ed1i th\u01b0\u1ee3ng c\u1ee7a C\u00e1i T\u1ed1t v\u00e0 C\u00e1i X\u1ea5u) vi\u1ebft b\u1edfi Cicero v\u00e0o n\u0103m 45 tr\u01b0\u1edbc C\u00f4ng Nguy\u00ean. Cu\u1ed1n s\u00e1ch n\u00e0y l\u00e0 m\u1ed9t lu\u1eadn thuy\u1ebft \u0111\u1ea1o l\u00ed r\u1ea5t ph\u1ed5 bi\u1ebfn trong th\u1eddi k\u00ec Ph\u1ee5c H\u01b0ng. D\u00f2ng \u0111\u1ea7u ti\u00ean c\u1ee7a Lorem Ipsum, &#8220;Lorem ipsum dolor sit amet&#8230;&#8221; \u0111\u01b0\u1ee3c tr\u00edch t\u1eeb m\u1ed9t c\u00e2u trong \u0111o\u1ea1n th\u1ee9 1.10.32.<\/p>\n<p>Tr\u00edch \u0111o\u1ea1n chu\u1ea9n c\u1ee7a Lorem Ipsum \u0111\u01b0\u1ee3c s\u1eed d\u1ee5ng t\u1eeb th\u1ebf k\u1ec9 th\u1ee9 16 v\u00e0 \u0111\u01b0\u1ee3c t\u00e1i b\u1ea3n sau \u0111\u00f3 cho nh\u1eefng ng\u01b0\u1eddi quan t\u00e2m \u0111\u1ebfn n\u00f3. \u0110o\u1ea1n 1.10.32 v\u00e0 1.10.33 trong cu\u1ed1n &#8220;De Finibus Bonorum et Malorum&#8221; c\u1ee7a Cicero c\u0169ng \u0111\u01b0\u1ee3c t\u00e1i b\u1ea3n l\u1ea1i theo \u0111\u00fang c\u1ea5u tr\u00fac g\u1ed1c, k\u00e8m theo phi\u00ean b\u1ea3n ti\u1ebfng Anh \u0111\u01b0\u1ee3c d\u1ecbch b\u1edfi H. Rackham v\u00e0o n\u0103m 1914.<\/p>\n","protected":false},"excerpt":{"rendered":"<p>Tr\u00e1i v\u1edbi quan \u0111i\u1ec3m chung c\u1ee7a s\u1ed1 \u0111\u00f4ng, Lorem Ipsum kh\u00f4ng ph\u1ea3i ch\u1ec9 l\u00e0 m\u1ed9t \u0111o\u1ea1n v\u0103n b\u1ea3n ng\u1eabu nhi\u00ean. &hellip; <a class=\"link-more\" href=\"https:\/\/c409-newhome.com-vn.net\/?page_id=149\" class=\"more-link\">\u0110\u1ecdc th\u00eam &raquo;<span class=\"screen-reader-text\"> &#8220;B\u1ea3ng gi\u00e1&#8221;<\/span><\/a><\/p>\n","protected":false},"author":1,"featured_media":0,"parent":0,"menu_order":0,"comment_status":"closed","ping_status":"closed","template":"","meta":[],"_links":{"self":[{"href":"https:\/\/c409-newhome.com-vn.net\/index.php?rest_route=\/wp\/v2\/pages\/149"}],"collection":[{"href":"https:\/\/c409-newhome.com-vn.net\/index.php?rest_route=\/wp\/v2\/pages"}],"about":[{"href":"https:\/\/c409-newhome.com-vn.net\/index.php?rest_route=\/wp\/v2\/types\/page"}],"author":[{"embeddable":true,"href":"https:\/\/c409-newhome.com-vn.net\/index.php?rest_route=\/wp\/v2\/users\/1"}],"replies":[{"embeddable":true,"href":"https:\/\/c409-newhome.com-vn.net\/index.php?rest_route=%2Fwp%2Fv2%2Fcomments&post=149"}],"version-history":[{"count":1,"href":"https:\/\/c409-newhome.com-vn.net\/index.php?rest_route=\/wp\/v2\/pages\/149\/revisions"}],"predecessor-version":[{"id":150,"href":"https:\/\/c409-newhome.com-vn.net\/index.php?rest_route=\/wp\/v2\/pages\/149\/revisions\/150"}],"wp:attachment":[{"href":"https:\/\/c409-newhome.com-vn.net\/index.php?rest_route=%2Fwp%2Fv2%2Fmedia&parent=149"}],"curies":[{"name":"wp","href":"https:\/\/api.w.org\/{rel}","templated":true}]}}